{"id":3389,"date":"2025-01-17T15:05:37","date_gmt":"2025-01-17T14:05:37","guid":{"rendered":"https:\/\/www.probrake.de\/magazin\/?page_id=3389"},"modified":"2025-02-05T10:07:35","modified_gmt":"2025-02-05T09:07:35","slug":"sicherheitshinweis","status":"publish","type":"page","link":"https:\/\/www.probrake.de\/magazin\/sicherheitshinweis\/","title":{"rendered":"Sicherheitshinweis"},"content":{"rendered":"\t\t<div data-elementor-type=\"wp-page\" data-elementor-id=\"3389\" class=\"elementor elementor-3389\" data-elementor-post-type=\"page\">\n\t\t\t\t<div class=\"elementor-element elementor-element-426774d e-flex e-con-boxed e-con e-parent\" data-id=\"426774d\" data-element_type=\"container\" data-e-type=\"container\">\n\t\t\t\t\t<div class=\"e-con-inner\">\n\t\t\t\t<div class=\"elementor-element elementor-element-e9188c0 elementor-widget elementor-widget-heading\" data-id=\"e9188c0\" data-element_type=\"widget\" data-e-type=\"widget\" data-widget_type=\"heading.default\">\n\t\t\t\t<div class=\"elementor-widget-container\">\n\t\t\t\t\t<h2 class=\"elementor-heading-title elementor-size-default\">Brems- und Kupplungshebel Modell \u201eSTAGE\u201c<\/h2>\t\t\t\t<\/div>\n\t\t\t\t<\/div>\n\t\t\t\t<div class=\"elementor-element elementor-element-bcd705e elementor-widget elementor-widget-heading\" data-id=\"bcd705e\" data-element_type=\"widget\" data-e-type=\"widget\" data-widget_type=\"heading.default\">\n\t\t\t\t<div class=\"elementor-widget-container\">\n\t\t\t\t\t<h3 class=\"elementor-heading-title elementor-size-default\">Kennzeichnung PBD KBA 91516<\/h3>\t\t\t\t<\/div>\n\t\t\t\t<\/div>\n\t\t\t\t<div class=\"elementor-element elementor-element-e1e80dd elementor-widget elementor-widget-heading\" data-id=\"e1e80dd\" data-element_type=\"widget\" data-e-type=\"widget\" data-widget_type=\"heading.default\">\n\t\t\t\t<div class=\"elementor-widget-container\">\n\t\t\t\t\t<h3 class=\"elementor-heading-title elementor-size-default\">(betrifft nur Bestellungen bis 05.06.2024)<\/h3>\t\t\t\t<\/div>\n\t\t\t\t<\/div>\n\t\t\t\t<div class=\"elementor-element elementor-element-d2a51e7 elementor-widget__width-initial elementor-widget elementor-widget-text-editor\" data-id=\"d2a51e7\" data-element_type=\"widget\" data-e-type=\"widget\" data-widget_type=\"text-editor.default\">\n\t\t\t\t<div class=\"elementor-widget-container\">\n\t\t\t\t\t\t\t\t\t<p>Die probrake GmbH informiert zum vorbeugenden Verbraucherschutz \u00fcber Gefahren, die von Brems- und Kupplungshebeln Modell \u201eSTAGE\u201c mit der Kennzeichnung PBD KBA 91516 ausgehen k\u00f6nnen. In seltenen Einzelf\u00e4llen kann es zu einem Sicherheitsproblem kommen. Die Verschraubung zwischen dem \u201eHebel\u201c und dem fahrzeugspezifischen \u201eAdapter\u201c kann sich unter bestimmten Umst\u00e4nden und in seltenen F\u00e4llen l\u00f6sen.<\/p><p>Wir bedauern, dass diese Umst\u00e4nde trotz unserer intensiven Qualit\u00e4tssicherungsma\u00dfnahmen aufgetreten sind. Obwohl es nur bei einer nicht wahrscheinlichen Kombination diverser Umst\u00e4nde zu diesem Fall kommen kann, haben wir uns entschlossen, diesen Produktr\u00fcckruf durchzuf\u00fchren. Die Sicherheit unserer Kunden und ihr Vertrauen in die Qualit\u00e4t unserer Produkte ist oberste Maxime unseres Handelns und soll jederzeit sichergestellt sein. Daher betrachten wir es als gutes unternehmerisches Handeln, in dieser Situation auch einen Produktpr\u00fcfung durchzuf\u00fchren.<\/p>\t\t\t\t\t\t\t\t<\/div>\n\t\t\t\t<\/div>\n\t\t\t\t<div class=\"elementor-element elementor-element-2cb1f9a elementor-widget elementor-widget-image\" data-id=\"2cb1f9a\" data-element_type=\"widget\" data-e-type=\"widget\" data-widget_type=\"image.default\">\n\t\t\t\t<div class=\"elementor-widget-container\">\n\t\t\t\t\t\t\t\t\t\t\t\t\t\t\t<img fetchpriority=\"high\" decoding=\"async\" width=\"777\" height=\"459\" src=\"https:\/\/www.probrake.de\/magazin\/wp-content\/uploads\/2025\/01\/probrake-sicherheitshinweis.jpg\" class=\"attachment-large size-large wp-image-3417\" alt=\"probrake \u2013 Motorrad Stahlflexleitungen, Brems-und Kupplungshebel, Bremsscheiben und mehr direkt vom Hersteller |\" srcset=\"https:\/\/www.probrake.de\/magazin\/wp-content\/uploads\/2025\/01\/probrake-sicherheitshinweis.jpg 777w, https:\/\/www.probrake.de\/magazin\/wp-content\/uploads\/2025\/01\/probrake-sicherheitshinweis-300x177.jpg 300w, https:\/\/www.probrake.de\/magazin\/wp-content\/uploads\/2025\/01\/probrake-sicherheitshinweis-768x454.jpg 768w\" sizes=\"(max-width: 777px) 100vw, 777px\" title=\"probrake \u2013 Motorrad Stahlflexleitungen, Brems-und Kupplungshebel, Bremsscheiben und mehr direkt vom Hersteller |\">\t\t\t\t\t\t\t\t\t\t\t\t\t\t\t<\/div>\n\t\t\t\t<\/div>\n\t\t\t\t\t<\/div>\n\t\t\t\t<\/div>\n\t\t<div class=\"elementor-element elementor-element-bcbccc6 e-flex e-con-boxed e-con e-parent\" data-id=\"bcbccc6\" data-element_type=\"container\" data-e-type=\"container\">\n\t\t\t\t\t<div class=\"e-con-inner\">\n\t\t<div class=\"elementor-element elementor-element-d54c45b e-con-full e-flex e-con e-child\" data-id=\"d54c45b\" data-element_type=\"container\" data-e-type=\"container\">\n\t\t\t\t<div class=\"elementor-element elementor-element-9657152 elementor-widget elementor-widget-image\" data-id=\"9657152\" data-element_type=\"widget\" data-e-type=\"widget\" data-widget_type=\"image.default\">\n\t\t\t\t<div class=\"elementor-widget-container\">\n\t\t\t\t\t\t\t\t\t\t\t\t\t\t\t<img decoding=\"async\" width=\"768\" height=\"678\" src=\"https:\/\/www.probrake.de\/magazin\/wp-content\/uploads\/2024\/11\/fff-768x678.png\" class=\"attachment-medium_large size-medium_large wp-image-3166\" alt=\"probrake \u2013 Motorrad Stahlflexleitungen, Brems-und Kupplungshebel, Bremsscheiben und mehr direkt vom Hersteller |\" srcset=\"https:\/\/www.probrake.de\/magazin\/wp-content\/uploads\/2024\/11\/fff-768x678.png 768w, https:\/\/www.probrake.de\/magazin\/wp-content\/uploads\/2024\/11\/fff-300x265.png 300w, https:\/\/www.probrake.de\/magazin\/wp-content\/uploads\/2024\/11\/fff-1024x904.png 1024w, https:\/\/www.probrake.de\/magazin\/wp-content\/uploads\/2024\/11\/fff-1536x1356.png 1536w, https:\/\/www.probrake.de\/magazin\/wp-content\/uploads\/2024\/11\/fff-2048x1808.png 2048w\" sizes=\"(max-width: 768px) 100vw, 768px\" title=\"probrake \u2013 Motorrad Stahlflexleitungen, Brems-und Kupplungshebel, Bremsscheiben und mehr direkt vom Hersteller |\">\t\t\t\t\t\t\t\t\t\t\t\t\t\t\t<\/div>\n\t\t\t\t<\/div>\n\t\t\t\t<\/div>\n\t\t<div class=\"elementor-element elementor-element-f1f5633 e-con-full e-flex e-con e-child\" data-id=\"f1f5633\" data-element_type=\"container\" data-e-type=\"container\">\n\t\t\t\t<div class=\"elementor-element elementor-element-c3e2926 elementor-widget elementor-widget-heading\" data-id=\"c3e2926\" data-element_type=\"widget\" data-e-type=\"widget\" data-widget_type=\"heading.default\">\n\t\t\t\t<div class=\"elementor-widget-container\">\n\t\t\t\t\t<h3 class=\"elementor-heading-title elementor-size-default\"><p>L\u00f6st sich die Schraube, kann sich im schlimmsten Fall der gesamte Bremshebel vom Adapter l\u00f6sen, mit der Folge, dass die Bremse funktionslos wird.<\/p>\n\n<p>Es kann zu schweren und schwersten Personen- und Sachsch\u00e4den kommen.<\/p>\n\n<p>Motorr\u00e4der mit betroffenen Brems- &amp; Kupplungshebel(n)<br>\nd\u00fcrfen bis zur Behebung des Sicherheitsrisikos nicht mehr in Betrieb genommen werden.<\/p><\/h3>\t\t\t\t<\/div>\n\t\t\t\t<\/div>\n\t\t\t\t<\/div>\n\t\t\t\t\t<\/div>\n\t\t\t\t<\/div>\n\t\t<div class=\"elementor-element elementor-element-f4f1ecd e-flex e-con-boxed e-con e-parent\" data-id=\"f4f1ecd\" data-element_type=\"container\" data-e-type=\"container\" data-settings=\"{&quot;background_background&quot;:&quot;classic&quot;}\">\n\t\t\t\t\t<div class=\"e-con-inner\">\n\t\t\t\t<div class=\"elementor-element elementor-element-f8c1e64 elementor-widget elementor-widget-menu-anchor\" data-id=\"f8c1e64\" data-element_type=\"widget\" data-e-type=\"widget\" data-widget_type=\"menu-anchor.default\">\n\t\t\t\t<div class=\"elementor-widget-container\">\n\t\t\t\t\t\t\t<div class=\"elementor-menu-anchor\" id=\"formular\"><\/div>\n\t\t\t\t\t\t<\/div>\n\t\t\t\t<\/div>\n\t\t\t\t<div class=\"elementor-element elementor-element-8b5761a elementor-widget elementor-widget-heading\" data-id=\"8b5761a\" data-element_type=\"widget\" data-e-type=\"widget\" data-widget_type=\"heading.default\">\n\t\t\t\t<div class=\"elementor-widget-container\">\n\t\t\t\t\t<h2 class=\"elementor-heading-title elementor-size-default\">L\u00f6sung zur Beseitigung des Sicherheitsrisikos<\/h2>\t\t\t\t<\/div>\n\t\t\t\t<\/div>\n\t\t\t\t<div class=\"elementor-element elementor-element-2a86969 elementor-widget elementor-widget-heading\" data-id=\"2a86969\" data-element_type=\"widget\" data-e-type=\"widget\" data-widget_type=\"heading.default\">\n\t\t\t\t<div class=\"elementor-widget-container\">\n\t\t\t\t\t<h3 class=\"elementor-heading-title elementor-size-default\">1. Schrauben pr\u00fcfen<\/h3>\t\t\t\t<\/div>\n\t\t\t\t<\/div>\n\t\t\t\t<div class=\"elementor-element elementor-element-e90208f elementor-widget elementor-widget-text-editor\" data-id=\"e90208f\" data-element_type=\"widget\" data-e-type=\"widget\" data-widget_type=\"text-editor.default\">\n\t\t\t\t<div class=\"elementor-widget-container\">\n\t\t\t\t\t\t\t\t\t<p><span style=\"color: var( --e-global-color-text ); font-family: var( --e-global-typography-text-font-family ), Sans-serif; font-weight: var( --e-global-typography-text-font-weight ); text-align: var(--text-align); font-size: 1rem;\">Bitte \u00fcberpr\u00fcfen Sie die Verschraubung gem\u00e4\u00df der <span style=\"color: #ff0000;\"><strong><a style=\"color: #ff0000;\" href=\"https:\/\/www.probrake.de\/magazin\/wp-content\/uploads\/2025\/01\/probrake-sicherheitshinweis-stage-hebel.pdf\" data-wplink-edit=\"true\">bereitgestellten Anleitung<\/a><\/strong><\/span>. Sollte die Verbindung <\/span><strong style=\"color: var( --e-global-color-text ); font-family: var( --e-global-typography-text-font-family ), Sans-serif; text-align: var(--text-align); font-size: 1rem;\"><span style=\"color: #ff0000;\">nicht<\/span> <\/strong><span style=\"color: var( --e-global-color-text ); font-family: var( --e-global-typography-text-font-family ), Sans-serif; font-weight: var( --e-global-typography-text-font-weight ); text-align: var(--text-align); font-size: 1rem;\">fest sein, w\u00e4hlen Sie eine der folgenden Optionen, um das Sicherheitsrisiko zu beseitigen.<\/span><\/p><div>\u00a0<\/div><p><strong><span style=\"color: #ff0000;\">Mit dem festen Sitz der Schrauben kann das Motorrad weiterhin wie gewohnt verwendet werden &#8211; es ist keine weiteres Handeln notwendig. Es besteht in diesem Fall kein Sicherheitsrisiko durch die Verschraubung.<\/span><\/strong><\/p>\t\t\t\t\t\t\t\t<\/div>\n\t\t\t\t<\/div>\n\t\t\t\t<div class=\"elementor-element elementor-element-fc2513b elementor-align-left elementor-widget elementor-widget-button\" data-id=\"fc2513b\" data-element_type=\"widget\" data-e-type=\"widget\" data-widget_type=\"button.default\">\n\t\t\t\t<div class=\"elementor-widget-container\">\n\t\t\t\t\t\t\t\t\t<div class=\"elementor-button-wrapper\">\n\t\t\t\t\t<a class=\"elementor-button elementor-button-link elementor-size-sm\" href=\"https:\/\/www.probrake.de\/magazin\/wp-content\/uploads\/2025\/01\/probrake-sicherheitshinweis-stage-hebel.pdf\">\n\t\t\t\t\t\t<span class=\"elementor-button-content-wrapper\">\n\t\t\t\t\t\t\t\t\t<span class=\"elementor-button-text\">Pr\u00fcfanleitung<\/span>\n\t\t\t\t\t<\/span>\n\t\t\t\t\t<\/a>\n\t\t\t\t<\/div>\n\t\t\t\t\t\t\t\t<\/div>\n\t\t\t\t<\/div>\n\t\t\t\t<div class=\"elementor-element elementor-element-0249766 elementor-widget elementor-widget-heading\" data-id=\"0249766\" data-element_type=\"widget\" data-e-type=\"widget\" data-widget_type=\"heading.default\">\n\t\t\t\t<div class=\"elementor-widget-container\">\n\t\t\t\t\t<h3 class=\"elementor-heading-title elementor-size-default\">2. Optional - Ersatzschrauben bestellen<\/h3>\t\t\t\t<\/div>\n\t\t\t\t<\/div>\n\t\t\t\t<div class=\"elementor-element elementor-element-7987ebc elementor-widget elementor-widget-text-editor\" data-id=\"7987ebc\" data-element_type=\"widget\" data-e-type=\"widget\" data-widget_type=\"text-editor.default\">\n\t\t\t\t<div class=\"elementor-widget-container\">\n\t\t\t\t\t\t\t\t\t<p>Sie erhalten kostenfrei einen neuen Schraubensatz mit beschichteter Schraubensicherung zur Montage bei Ihnen vor Ort. Die R\u00fccksendung der entfernten Schrauben ist nicht erforderlich.<\/p><p>Wenn Sie nicht sicher sind, die Montage fachgerecht selbst vornehmen zu k\u00f6nnen, werden Sie dringend aufgefordert, den Punkt &#8222;Retourenschein anfordern&#8220; auszuw\u00e4hlen.<\/p>\t\t\t\t\t\t\t\t<\/div>\n\t\t\t\t<\/div>\n\t\t\t\t<div class=\"elementor-element elementor-element-52ea2ce elementor-align-left elementor-widget elementor-widget-button\" data-id=\"52ea2ce\" data-element_type=\"widget\" data-e-type=\"widget\" data-widget_type=\"button.default\">\n\t\t\t\t<div class=\"elementor-widget-container\">\n\t\t\t\t\t\t\t\t\t<div class=\"elementor-button-wrapper\">\n\t\t\t\t\t<a class=\"elementor-button elementor-button-link elementor-size-sm\" href=\"https:\/\/www.probrake.de\/magazin\/wp-content\/uploads\/2025\/01\/probrake-sicherheitshinweis-stage-hebel.pdf\">\n\t\t\t\t\t\t<span class=\"elementor-button-content-wrapper\">\n\t\t\t\t\t\t\t\t\t<span class=\"elementor-button-text\">Montageanleitung<\/span>\n\t\t\t\t\t<\/span>\n\t\t\t\t\t<\/a>\n\t\t\t\t<\/div>\n\t\t\t\t\t\t\t\t<\/div>\n\t\t\t\t<\/div>\n\t\t\t\t<div class=\"elementor-element elementor-element-72c5f2c elementor-widget elementor-widget-heading\" data-id=\"72c5f2c\" data-element_type=\"widget\" data-e-type=\"widget\" data-widget_type=\"heading.default\">\n\t\t\t\t<div class=\"elementor-widget-container\">\n\t\t\t\t\t<h3 class=\"elementor-heading-title elementor-size-default\">3. Optional - Retourenschein anfordern\n<\/h3>\t\t\t\t<\/div>\n\t\t\t\t<\/div>\n\t\t\t\t<div class=\"elementor-element elementor-element-aa6a4cf elementor-widget elementor-widget-text-editor\" data-id=\"aa6a4cf\" data-element_type=\"widget\" data-e-type=\"widget\" data-widget_type=\"text-editor.default\">\n\t\t\t\t<div class=\"elementor-widget-container\">\n\t\t\t\t\t\t\t\t\t<p>Sie senden den Hebelsatz zum Austausch der Schrauben kostenfrei an die probrake GmbH. Nach dem Tausch und abschlie\u00dfender Qualit\u00e4tskontrolle\u00a0wird Ihnen der Hebelsatz kostenfrei zur\u00fcckgesendet.<\/p>\t\t\t\t\t\t\t\t<\/div>\n\t\t\t\t<\/div>\n\t\t\t\t<div class=\"elementor-element elementor-element-c7ac514 elementor-widget elementor-widget-text-editor\" data-id=\"c7ac514\" data-element_type=\"widget\" data-e-type=\"widget\" data-widget_type=\"text-editor.default\">\n\t\t\t\t<div class=\"elementor-widget-container\">\n\t\t\t\t\t\t\t\t\t<p><span style=\"color: #000000;\">Bitte f\u00fcllen Sie folgendes Formular aus und w\u00e4hlen die gew\u00fcnschte Option:\u00a0<\/span><\/p>\t\t\t\t\t\t\t\t<\/div>\n\t\t\t\t<\/div>\n\t\t\t\t<div class=\"elementor-element elementor-element-f0ba265 elementor-button-align-stretch elementor-widget elementor-widget-form\" data-id=\"f0ba265\" data-element_type=\"widget\" data-e-type=\"widget\" data-settings=\"{&quot;step_next_label&quot;:&quot;N\\u00e4chster&quot;,&quot;step_previous_label&quot;:&quot;Voriger&quot;,&quot;button_width&quot;:&quot;100&quot;,&quot;step_type&quot;:&quot;number_text&quot;,&quot;step_icon_shape&quot;:&quot;circle&quot;}\" data-widget_type=\"form.default\">\n\t\t\t\t<div class=\"elementor-widget-container\">\n\t\t\t\t\t\t\t<form class=\"elementor-form\" method=\"post\" name=\"Neues Formular\" aria-label=\"Neues Formular\">\n\t\t\t<input type=\"hidden\" name=\"post_id\" value=\"3389\"\/>\n\t\t\t<input type=\"hidden\" name=\"form_id\" value=\"f0ba265\"\/>\n\t\t\t<input type=\"hidden\" name=\"referer_title\" value=\"Sicherheitshinweis | probrake magazin\" \/>\n\n\t\t\t\t\t\t\t<input type=\"hidden\" name=\"queried_id\" value=\"3389\"\/>\n\t\t\t\n\t\t\t<div class=\"elementor-form-fields-wrapper elementor-labels-above\">\n\t\t\t\t\t\t\t\t<div class=\"elementor-field-type-select elementor-field-group elementor-column elementor-field-group-field_7309ae8 elementor-col-100\">\n\t\t\t\t\t\t\t<div class=\"elementor-field elementor-select-wrapper remove-before \">\n\t\t\t<div class=\"select-caret-down-wrapper\">\n\t\t\t\t<svg aria-hidden=\"true\" class=\"e-font-icon-svg e-eicon-caret-down\" viewBox=\"0 0 571.4 571.4\" xmlns=\"http:\/\/www.w3.org\/2000\/svg\"><path d=\"M571 393Q571 407 561 418L311 668Q300 679 286 679T261 668L11 418Q0 407 0 393T11 368 36 357H536Q550 357 561 368T571 393Z\"><\/path><\/svg>\t\t\t<\/div>\n\t\t\t<select name=\"form_fields[field_7309ae8]\" id=\"form-field-field_7309ae8\" class=\"elementor-field-textual elementor-size-lg\">\n\t\t\t\t\t\t\t\t\t<option value=\"1. Die Schraubenverbindung ist gepr\u00fcft und l\u00e4sst sich nicht l\u00f6sen.\">1. Die Schraubenverbindung ist gepr\u00fcft und l\u00e4sst sich nicht l\u00f6sen.<\/option>\n\t\t\t\t\t\t\t\t\t<option value=\"2. Option: Bitte senden Sie mir kostenfrei Ersatzschrauben zu\">2. Option: Bitte senden Sie mir kostenfrei Ersatzschrauben zu<\/option>\n\t\t\t\t\t\t\t\t\t<option value=\"3. Option: Bitte senden Sie mir ein Retourenlabel f\u00fcr den Austausch der Schrauben durch die probrake GmbH zu\">3. Option: Bitte senden Sie mir ein Retourenlabel f\u00fcr den Austausch der Schrauben durch die probrake GmbH zu<\/option>\n\t\t\t\t\t\t\t\t\t<option value=\"\"><\/option>\n\t\t\t\t\t\t\t<\/select>\n\t\t<\/div>\n\t\t\t\t\t\t<\/div>\n\t\t\t\t\t\t\t\t<div class=\"elementor-field-type-text elementor-field-group elementor-column elementor-field-group-field_5fd04f4 elementor-col-100\">\n\t\t\t\t\t\t\t\t\t\t\t\t\t<input size=\"1\" type=\"text\" name=\"form_fields[field_5fd04f4]\" id=\"form-field-field_5fd04f4\" class=\"elementor-field elementor-size-lg  elementor-field-textual\" placeholder=\"Kundennummer (finden Sie in der E-Mail)\">\n\t\t\t\t\t\t\t\t\t\t\t<\/div>\n\t\t\t\t\t\t\t\t<div class=\"elementor-field-type-text elementor-field-group elementor-column elementor-field-group-name elementor-col-100 elementor-field-required\">\n\t\t\t\t\t\t\t\t\t\t\t\t\t<input size=\"1\" type=\"text\" name=\"form_fields[name]\" id=\"form-field-name\" class=\"elementor-field elementor-size-lg  elementor-field-textual\" placeholder=\"Name\" required=\"required\">\n\t\t\t\t\t\t\t\t\t\t\t<\/div>\n\t\t\t\t\t\t\t\t<div class=\"elementor-field-type-email elementor-field-group elementor-column elementor-field-group-email elementor-col-100 elementor-field-required\">\n\t\t\t\t\t\t\t\t\t\t\t\t\t<input size=\"1\" type=\"email\" name=\"form_fields[email]\" id=\"form-field-email\" class=\"elementor-field elementor-size-lg  elementor-field-textual\" placeholder=\"E-Mail\" required=\"required\">\n\t\t\t\t\t\t\t\t\t\t\t<\/div>\n\t\t\t\t\t\t\t\t<div class=\"elementor-field-type-textarea elementor-field-group elementor-column elementor-field-group-message elementor-col-100\">\n\t\t\t\t\t<textarea class=\"elementor-field-textual elementor-field  elementor-size-lg\" name=\"form_fields[message]\" id=\"form-field-message\" rows=\"4\" placeholder=\"Nachricht (Optional - bitte hier ggf. abweichende\/neue Lieferadresse angeben)\"><\/textarea>\t\t\t\t<\/div>\n\t\t\t\t\t\t\t\t<div class=\"elementor-field-group elementor-column elementor-field-type-submit elementor-col-100 e-form__buttons\">\n\t\t\t\t\t<button class=\"elementor-button elementor-size-sm\" type=\"submit\">\n\t\t\t\t\t\t<span class=\"elementor-button-content-wrapper\">\n\t\t\t\t\t\t\t\t\t\t\t\t\t\t\t\t\t\t\t\t\t\t<span class=\"elementor-button-text\">Absenden<\/span>\n\t\t\t\t\t\t\t\t\t\t\t\t\t<\/span>\n\t\t\t\t\t<\/button>\n\t\t\t\t<\/div>\n\t\t\t<\/div>\n\t\t<\/form>\n\t\t\t\t\t\t<\/div>\n\t\t\t\t<\/div>\n\t\t\t\t<div class=\"elementor-element elementor-element-7d24855 elementor-widget-divider--view-line elementor-widget elementor-widget-divider\" data-id=\"7d24855\" data-element_type=\"widget\" data-e-type=\"widget\" data-widget_type=\"divider.default\">\n\t\t\t\t<div class=\"elementor-widget-container\">\n\t\t\t\t\t\t\t<div class=\"elementor-divider\">\n\t\t\t<span class=\"elementor-divider-separator\">\n\t\t\t\t\t\t<\/span>\n\t\t<\/div>\n\t\t\t\t\t\t<\/div>\n\t\t\t\t<\/div>\n\t\t\t\t<div class=\"elementor-element elementor-element-b3859c7 elementor-widget elementor-widget-text-editor\" data-id=\"b3859c7\" data-element_type=\"widget\" data-e-type=\"widget\" data-widget_type=\"text-editor.default\">\n\t\t\t\t<div class=\"elementor-widget-container\">\n\t\t\t\t\t\t\t\t\t<p>F\u00fcr technische und allgemeine R\u00fcckfragen steht Ihnen das Team der probrake GmbH gerne per\u00a0E-Mail\u00a0<a href=\"mailto: support@probrake.de\">support@probrake.de<\/a>\u00a0zur Verf\u00fcgung.<\/p>\t\t\t\t\t\t\t\t<\/div>\n\t\t\t\t<\/div>\n\t\t\t\t\t<\/div>\n\t\t\t\t<\/div>\n\t\t\t\t<\/div>\n\t\t","protected":false},"excerpt":{"rendered":"<p>Brems- und Kupplungshebel Modell \u201eSTAGE\u201c Kennzeichnung PBD KBA 91516 (betrifft nur Bestellungen bis 05.06.2024) Die probrake GmbH informiert zum vorbeugenden Verbraucherschutz \u00fcber Gefahren, die von Brems- und Kupplungshebeln Modell \u201eSTAGE\u201c mit der Kennzeichnung PBD KBA 91516 ausgehen k\u00f6nnen. In seltenen Einzelf\u00e4llen kann es zu einem Sicherheitsproblem kommen. Die Verschraubung zwischen dem \u201eHebel\u201c und dem fahrzeugspezifischen [&hellip;]<\/p>\n","protected":false},"author":3,"featured_media":0,"parent":0,"menu_order":0,"comment_status":"closed","ping_status":"closed","template":"","meta":{"inline_featured_image":false,"footnotes":""},"class_list":["post-3389","page","type-page","status-publish","hentry"],"_links":{"self":[{"href":"https:\/\/www.probrake.de\/magazin\/wp-json\/wp\/v2\/pages\/3389","targetHints":{"allow":["GET"]}}],"collection":[{"href":"https:\/\/www.probrake.de\/magazin\/wp-json\/wp\/v2\/pages"}],"about":[{"href":"https:\/\/www.probrake.de\/magazin\/wp-json\/wp\/v2\/types\/page"}],"author":[{"embeddable":true,"href":"https:\/\/www.probrake.de\/magazin\/wp-json\/wp\/v2\/users\/3"}],"replies":[{"embeddable":true,"href":"https:\/\/www.probrake.de\/magazin\/wp-json\/wp\/v2\/comments?post=3389"}],"version-history":[{"count":53,"href":"https:\/\/www.probrake.de\/magazin\/wp-json\/wp\/v2\/pages\/3389\/revisions"}],"predecessor-version":[{"id":3457,"href":"https:\/\/www.probrake.de\/magazin\/wp-json\/wp\/v2\/pages\/3389\/revisions\/3457"}],"wp:attachment":[{"href":"https:\/\/www.probrake.de\/magazin\/wp-json\/wp\/v2\/media?parent=3389"}],"curies":[{"name":"wp","href":"https:\/\/api.w.org\/{rel}","templated":true}]}}